{"id":11,"date":"2023-07-27T02:29:19","date_gmt":"2023-07-27T00:29:19","guid":{"rendered":"http:\/\/test.kanagaconsulting.com\/?page_id=11"},"modified":"2024-03-04T20:29:37","modified_gmt":"2024-03-04T19:29:37","slug":"bienvenue","status":"publish","type":"page","link":"https:\/\/kanagaconsulting.com\/fr_fr\/","title":{"rendered":"Bienvenue"},"content":{"rendered":"\t\t<div data-elementor-type=\"wp-page\" data-elementor-id=\"11\" class=\"elementor elementor-11\">\n\t\t\t\t\t\t\t<div class=\"elementor-element elementor-element-52008d8 e-con-full e-flex e-con e-parent\" data-id=\"52008d8\" data-element_type=\"container\" data-settings=\"{&quot;background_background&quot;:&quot;classic&quot;,&quot;content_width&quot;:&quot;full&quot;}\" data-core-v316-plus=\"true\">\n\t\t\t\t<div class=\"elementor-element elementor-element-abbed68 elementor-widget__width-initial elementor-widget elementor-widget-text-editor\" data-id=\"abbed68\" data-element_type=\"widget\" data-widget_type=\"text-editor.default\">\n\t\t\t\t<div class=\"elementor-widget-container\">\n\t\t\t<style>\/*! elementor - v3.17.0 - 25-10-2023 *\/\n.elementor-widget-text-editor.elementor-drop-cap-view-stacked .elementor-drop-cap{background-color:#69727d;color:#fff}.elementor-widget-text-editor.elementor-drop-cap-view-framed .elementor-drop-cap{color:#69727d;border:3px solid;background-color:transparent}.elementor-widget-text-editor:not(.elementor-drop-cap-view-default) .elementor-drop-cap{margin-top:8px}.elementor-widget-text-editor:not(.elementor-drop-cap-view-default) .elementor-drop-cap-letter{width:1em;height:1em}.elementor-widget-text-editor .elementor-drop-cap{float:left;text-align:center;line-height:1;font-size:50px}.elementor-widget-text-editor .elementor-drop-cap-letter{display:inline-block}<\/style>\t\t\t\t<div class=\"page\" title=\"Page 1\"><div class=\"section\"><div class=\"layoutArea\"><div class=\"column\"><h1 style=\"text-align: center; background: #673b15; color: #eee; font-weight: bold;\">MAXIMISEZ VOTRE IMPACT<\/h1><h2 style=\"font-weight: 800; font-size: 1.6vw; text-align: center;\"><span class=\"OYPEnA text-decoration-none text-strikethrough-none\">Accompagner les investisseurs dans les ressources naturelles, soutenir le secteur priv\u00e9 local,<\/span><span style=\"font-size: 1.6vw; letter-spacing: var(--bodyletterspacing); text-transform: var(--bodytexttransform);\">et favoriser le d\u00e9veloppement socio-\u00e9conomique<\/span><\/h2><h6 style=\"text-align: center;\">Bienvenue chez Kanaga Consulting, o\u00f9 l&rsquo;expertise rencontre l&rsquo;innovation<\/h6><\/div><\/div><\/div><\/div>\t\t\t\t\t\t<\/div>\n\t\t\t\t<\/div>\n\t\t\t\t<div class=\"elementor-element elementor-element-fded65e elementor-widget elementor-widget-eael-creative-button\" data-id=\"fded65e\" data-element_type=\"widget\" data-widget_type=\"eael-creative-button.default\">\n\t\t\t\t<div class=\"elementor-widget-container\">\n\t\t\t        <div class=\"eael-creative-button-wrapper\">\n\n            <a class=\"eael-creative-button eael-creative-button--winona\" href=\"#biz\" data-text=\"\">\n\n\t    \n                <div class=\"creative-button-inner\">\n\n                    \n                    <span class=\"cretive-button-text\"><\/span>\n\n                                    <\/div>\n\t                        <\/a>\n        <\/div>\n\t\t<\/div>\n\t\t\t\t<\/div>\n\t\t\t\t<\/div>\n\t\t<div class=\"elementor-element elementor-element-bb3bf8c e-flex e-con-boxed e-con e-parent\" data-id=\"bb3bf8c\" data-element_type=\"container\" id=\"biz\" data-settings=\"{&quot;content_width&quot;:&quot;boxed&quot;}\" data-core-v316-plus=\"true\">\n\t\t\t\t\t<div class=\"e-con-inner\">\n\t\t\t\t<div class=\"elementor-element elementor-element-20959b7 elementor-widget elementor-widget-text-editor\" data-id=\"20959b7\" data-element_type=\"widget\" data-widget_type=\"text-editor.default\">\n\t\t\t\t<div class=\"elementor-widget-container\">\n\t\t\t\t\t\t\t<h4 style=\"text-align: center;\"><span lang=\"FR\">Nous apportons des solutions sur mesure aux investisseurs dans les secteur des ressources naturelles avec Kanaga Enterprise, aux acteurs du d\u00e9veloppement durable avec Kanaga D\u00e9veloppement et aux petites et moyennes entreprises avec Kanaga Business.<\/span><\/h4>\t\t\t\t\t\t<\/div>\n\t\t\t\t<\/div>\n\t\t\t\t\t<\/div>\n\t\t\t\t<\/div>\n\t\t<div class=\"elementor-element elementor-element-c31b1c4 e-flex e-con-boxed e-con e-parent\" data-id=\"c31b1c4\" data-element_type=\"container\" id=\"sites\" data-settings=\"{&quot;background_background&quot;:&quot;classic&quot;,&quot;content_width&quot;:&quot;boxed&quot;}\" data-core-v316-plus=\"true\">\n\t\t\t\t\t<div class=\"e-con-inner\">\n\t\t<div class=\"elementor-element elementor-element-560103e e-con-full e-flex e-con e-child\" data-id=\"560103e\" data-element_type=\"container\" data-settings=\"{&quot;content_width&quot;:&quot;full&quot;,&quot;background_background&quot;:&quot;classic&quot;}\">\n\t\t\t\t<div class=\"elementor-element elementor-element-afdfde5 eael-infobox-shape-radius hbox eael-infobox-content-align-center eael-infobox-hover-img-shape-square elementor-widget elementor-widget-eael-info-box\" data-id=\"afdfde5\" data-element_type=\"widget\" data-widget_type=\"eael-info-box.default\">\n\t\t\t\t<div class=\"elementor-widget-container\">\n\t\t\t        <div class=\"eael-infobox\">\n\t            <div class=\"infobox-icon\">\n\n                            <img decoding=\"async\" src=\"https:\/\/kanagaconsulting.com\/wp-content\/uploads\/2023\/12\/Kanaga-Entreprise.jpg\" alt=\"\">\n            \n            \n            \n        <\/div>\n            <div class=\"infobox-content\">\n                            <h2 class=\"title\">Kanaga Entreprise<\/h2>\n                                                                        <p><p>Dans le paysage dynamique de l\u2019exploitation des ressources naturelles, le succ\u00e8s exige une approche strat\u00e9gique. Gr\u00e2ce \u00e0 notre exp\u00e9rience locale in\u00e9gal\u00e9e; nous vous offrons cette approche \u00e0 travers des services comptables avanc\u00e9s, une conformit\u00e9 juridique sans faille et une strat\u00e9gie fiscale conciliante vous permettant de vous concentrer sur l\u2019essentiel.<\/p><p>\u00a0<\/p><p>\u00a0<\/p><\/p>\n                                                <div class=\"infobox-button\">\n            <a class=\"eael-infobox-button\" href=\"https:\/\/entreprise.kanagaconsulting.com\/\" target=\"_blank\">\n                                <span class=\"infobox-button-text\">DECOUVRIR<\/span>\n                            <\/a>\n        <\/div>\n                                    <\/div>\n            <\/div>\n\n\t\t\t\t<\/div>\n\t\t\t\t<\/div>\n\t\t\t\t<\/div>\n\t\t<div class=\"elementor-element elementor-element-b7fcce7 e-con-full e-flex e-con e-child\" data-id=\"b7fcce7\" data-element_type=\"container\" data-settings=\"{&quot;content_width&quot;:&quot;full&quot;}\">\n\t\t\t\t<div class=\"elementor-element elementor-element-f7131ac eael-infobox-shape-radius hbox eael-infobox-content-align-center eael-infobox-hover-img-shape-square elementor-widget elementor-widget-eael-info-box\" data-id=\"f7131ac\" data-element_type=\"widget\" data-widget_type=\"eael-info-box.default\">\n\t\t\t\t<div class=\"elementor-widget-container\">\n\t\t\t        <div class=\"eael-infobox\">\n\t            <div class=\"infobox-icon\">\n\n                            <img decoding=\"async\" src=\"https:\/\/kanagaconsulting.com\/wp-content\/uploads\/2023\/12\/Kanaga-Developpement.jpg\" alt=\"\">\n            \n            \n            \n        <\/div>\n            <div class=\"infobox-content\">\n                            <h2 class=\"title\">Kanaga D\u00e9veloppement<\/h2>\n                                                                        <p><p><span style=\"font-weight: 400;\">Forte de plusieurs ann\u00e9es d'exp\u00e9rience et d\u2019une multitude de projets dans divers domaines, Kanaga D\u00e9veloppement s'est engag\u00e9 en faveur du d\u00e9veloppement durable.<\/span><\/p><p><span style=\"font-weight: 400;\">Nous collaborons avec des institutions gouvernementales et des partenaires aux d\u00e9veloppement pour affronter\u00a0 les d\u00e9fis majeurs auxquels fait face l'Afrique. Nous \u00e9laborons des politiques et strat\u00e9gies dont r\u00e9sultent des actions tangibles et coh\u00e9rentes..<\/span><\/p><p>\u00a0<\/p><\/p>\n                                                <div class=\"infobox-button\">\n            <a class=\"eael-infobox-button\" href=\"http:\/\/development.kanagaconsulting.com\" target=\"_blank\">\n                                <span class=\"infobox-button-text\">DECOUVRIR<\/span>\n                            <\/a>\n        <\/div>\n                                    <\/div>\n            <\/div>\n\n\t\t\t\t<\/div>\n\t\t\t\t<\/div>\n\t\t\t\t<\/div>\n\t\t<div class=\"elementor-element elementor-element-786df51 e-con-full e-flex e-con e-child\" data-id=\"786df51\" data-element_type=\"container\" data-settings=\"{&quot;content_width&quot;:&quot;full&quot;}\">\n\t\t\t\t<div class=\"elementor-element elementor-element-8b9dfcb eael-infobox-shape-radius hbox eael-infobox-content-align-center eael-infobox-hover-img-shape-square elementor-widget elementor-widget-eael-info-box\" data-id=\"8b9dfcb\" data-element_type=\"widget\" data-widget_type=\"eael-info-box.default\">\n\t\t\t\t<div class=\"elementor-widget-container\">\n\t\t\t        <div class=\"eael-infobox\">\n\t            <div class=\"infobox-icon\">\n\n                            <img decoding=\"async\" src=\"https:\/\/kanagaconsulting.com\/wp-content\/uploads\/2023\/12\/Kanaga-Business.jpg\" alt=\"\">\n            \n            \n            \n        <\/div>\n            <div class=\"infobox-content\">\n                            <h2 class=\"title\">Kanaga Business<\/h2>\n                                                                        <p><p><span style=\"font-weight: 400;\">D\u00e9di\u00e9e aux entreprises locales en C\u00f4te d'Ivoire, Guin\u00e9e, Mali, S\u00e9n\u00e9gal, RDC(et des autres pays francophones ), l'\u00e9quipe d\u2019experts de Kanaga Business poss\u00e8de une connaissances approfondies du tissu \u00e9conomique local. Nous vous aidons dans l'\u00e9laboration de business plans personnalis\u00e9s et viables, et vous apportons une assistance compl\u00e8te en management, en efficacit\u00e9 organisationnelle et en gestion financi\u00e8re.<\/span><\/p><p>\u00a0<\/p><\/p>\n                                                <div class=\"infobox-button\">\n            <a class=\"eael-infobox-button\" href=\"https:\/\/business.kanagaconsulting.com\/\" target=\"_blank\">\n                                <span class=\"infobox-button-text\">DECOUVRIR<\/span>\n                            <\/a>\n        <\/div>\n                                    <\/div>\n            <\/div>\n\n\t\t\t\t<\/div>\n\t\t\t\t<\/div>\n\t\t\t\t<\/div>\n\t\t\t\t\t<\/div>\n\t\t\t\t<\/div>\n\t\t<div class=\"elementor-element elementor-element-6a46308 e-flex e-con-boxed e-con e-parent\" data-id=\"6a46308\" data-element_type=\"container\" data-settings=\"{&quot;content_width&quot;:&quot;boxed&quot;}\" data-core-v316-plus=\"true\">\n\t\t\t\t\t<div class=\"e-con-inner\">\n\t\t\t\t<div class=\"elementor-element elementor-element-5e3824e elementor-widget elementor-widget-text-editor\" data-id=\"5e3824e\" data-element_type=\"widget\" data-widget_type=\"text-editor.default\">\n\t\t\t\t<div class=\"elementor-widget-container\">\n\t\t\t\t\t\t\t<h4 style=\"text-align: center;\"><span lang=\"FR\">Chez Kanaga Consulting, notre engagement n&rsquo;est pas seulement de r\u00e9pondre \u00e0 vos\nattentes mais de les d\u00e9passer. Explorez les possibilit\u00e9s,\nlib\u00e9rez votre potentiel et fa\u00e7onnons ensemble un avenir lumineux.<\/span><\/h4>\t\t\t\t\t\t<\/div>\n\t\t\t\t<\/div>\n\t\t\t\t\t<\/div>\n\t\t\t\t<\/div>\n\t\t\t\t\t\t\t<\/div>\n\t\t","protected":false},"excerpt":{"rendered":"<p>MAXIMISEZ VOTRE IMPACT Accompagner les investisseurs dans les ressources naturelles, soutenir le secteur priv\u00e9 local,et favoriser le d\u00e9veloppement socio-\u00e9conomique Bienvenue chez Kanaga Consulting, o\u00f9 l&rsquo;expertise rencontre l&rsquo;innovation Nous apportons des solutions sur mesure aux investisseurs dans les secteur des ressources naturelles avec Kanaga Enterprise, aux acteurs du d\u00e9veloppement durable avec Kanaga D\u00e9veloppement et aux petites&hellip;&nbsp;<a href=\"https:\/\/kanagaconsulting.com\/fr_fr\/\" class=\"\" rel=\"bookmark\">Lire la suite &raquo;<span class=\"screen-reader-text\">Bienvenue<\/span><\/a><\/p>\n","protected":false},"author":1,"featured_media":0,"parent":0,"menu_order":0,"comment_status":"closed","ping_status":"closed","template":"","meta":{"neve_meta_sidebar":"","neve_meta_container":"","neve_meta_enable_content_width":"","neve_meta_content_width":0,"neve_meta_title_alignment":"","neve_meta_author_avatar":"","neve_post_elements_order":"","neve_meta_disable_header":"","neve_meta_disable_footer":"","neve_meta_disable_title":"","footnotes":""},"class_list":["post-11","page","type-page","status-publish","hentry"],"_links":{"self":[{"href":"https:\/\/kanagaconsulting.com\/fr_fr\/wp-json\/wp\/v2\/pages\/11","targetHints":{"allow":["GET"]}}],"collection":[{"href":"https:\/\/kanagaconsulting.com\/fr_fr\/wp-json\/wp\/v2\/pages"}],"about":[{"href":"https:\/\/kanagaconsulting.com\/fr_fr\/wp-json\/wp\/v2\/types\/page"}],"author":[{"embeddable":true,"href":"https:\/\/kanagaconsulting.com\/fr_fr\/wp-json\/wp\/v2\/users\/1"}],"replies":[{"embeddable":true,"href":"https:\/\/kanagaconsulting.com\/fr_fr\/wp-json\/wp\/v2\/comments?post=11"}],"version-history":[{"count":601,"href":"https:\/\/kanagaconsulting.com\/fr_fr\/wp-json\/wp\/v2\/pages\/11\/revisions"}],"predecessor-version":[{"id":763,"href":"https:\/\/kanagaconsulting.com\/fr_fr\/wp-json\/wp\/v2\/pages\/11\/revisions\/763"}],"wp:attachment":[{"href":"https:\/\/kanagaconsulting.com\/fr_fr\/wp-json\/wp\/v2\/media?parent=11"}],"curies":[{"name":"wp","href":"https:\/\/api.w.org\/{rel}","templated":true}]}}