{"id":11,"date":"2023-07-27T02:29:19","date_gmt":"2023-07-27T00:29:19","guid":{"rendered":"http:\/\/test.kanagaconsulting.com\/?page_id=11"},"modified":"2026-04-16T15:44:51","modified_gmt":"2026-04-16T13:44:51","slug":"bienvenue","status":"publish","type":"page","link":"https:\/\/kanagaconsulting.com\/en\/","title":{"rendered":"Bienvenue"},"content":{"rendered":"<div data-elementor-type=\"wp-page\" data-elementor-id=\"11\" class=\"elementor elementor-11\">\n\t\t\t\t\t\t\t<div class=\"elementor-element elementor-element-52008d8 e-con-full e-flex e-con e-parent\" data-id=\"52008d8\" data-element_type=\"container\" data-settings=\"{&quot;background_background&quot;:&quot;classic&quot;,&quot;content_width&quot;:&quot;full&quot;}\" data-core-v316-plus=\"true\">\n\t\t\t\t<div class=\"elementor-element elementor-element-abbed68 elementor-widget__width-initial elementor-widget elementor-widget-text-editor\" data-id=\"abbed68\" data-element_type=\"widget\" data-widget_type=\"text-editor.default\">\n\t\t\t\t<div class=\"elementor-widget-container\">\n\t\t\t<style>\/*! elementor - v3.17.0 - 25-10-2023 *\/\n.elementor-widget-text-editor.elementor-drop-cap-view-stacked .elementor-drop-cap{background-color:#69727d;color:#fff}.elementor-widget-text-editor.elementor-drop-cap-view-framed .elementor-drop-cap{color:#69727d;border:3px solid;background-color:transparent}.elementor-widget-text-editor:not(.elementor-drop-cap-view-default) .elementor-drop-cap{margin-top:8px}.elementor-widget-text-editor:not(.elementor-drop-cap-view-default) .elementor-drop-cap-letter{width:1em;height:1em}.elementor-widget-text-editor .elementor-drop-cap{float:left;text-align:center;line-height:1;font-size:50px}.elementor-widget-text-editor .elementor-drop-cap-letter{display:inline-block}<\/style>\t\t\t\t<div class=\"page\" title=\"Page 1\"><div class=\"section\"><div class=\"layoutArea\"><div class=\"column\"><h1 style=\"text-align: center; background: #673b15; color: #eee; font-weight: bold;\">MAXIMISEZ VOTRE IMPACT<\/h1><h2 style=\"font-weight: 800; font-size: 1.6vw; text-align: center;\"><span class=\"OYPEnA text-decoration-none text-strikethrough-none\">Accompagner les investisseurs dans les ressources naturelles, soutenir le secteur priv\u00e9 local,<\/span><span style=\"font-size: 1.6vw; letter-spacing: var(--bodyletterspacing); text-transform: var(--bodytexttransform);\">et favoriser le d\u00e9veloppement socio-\u00e9conomique<\/span><\/h2><h6 style=\"text-align: center;\">Welcome to Kanaga Consulting, where expertise meets innovation<\/h6><\/div><\/div><\/div><\/div>\t\t\t\t\t\t<\/div>\n\t\t\t\t<\/div>\n\t\t\t\t<div class=\"elementor-element elementor-element-fded65e elementor-widget elementor-widget-eael-creative-button\" data-id=\"fded65e\" data-element_type=\"widget\" data-widget_type=\"eael-creative-button.default\">\n\t\t\t\t<div class=\"elementor-widget-container\">\n\t\t\t        <div class=\"eael-creative-button-wrapper\">\n\n            <a class=\"eael-creative-button eael-creative-button--winona\" href=\"#biz\" data-text=\"\">\n\n\t    \n                <div class=\"creative-button-inner\">\n\n                    \n                    <span class=\"cretive-button-text\"><\/span>\n\n                                    <\/div>\n\t                        <\/a>\n        <\/div>\n\t\t<\/div>\n\t\t\t\t<\/div>\n\t\t\t\t<\/div>\n\t\t<div class=\"elementor-element elementor-element-bb3bf8c e-flex e-con-boxed e-con e-parent\" data-id=\"bb3bf8c\" data-element_type=\"container\" id=\"biz\" data-settings=\"{&quot;content_width&quot;:&quot;boxed&quot;}\" data-core-v316-plus=\"true\">\n\t\t\t\t\t<div class=\"e-con-inner\">\n\t\t\t\t<div class=\"elementor-element elementor-element-20959b7 elementor-widget elementor-widget-text-editor\" data-id=\"20959b7\" data-element_type=\"widget\" data-widget_type=\"text-editor.default\">\n\t\t\t\t<div class=\"elementor-widget-container\">\n\t\t\t\t\t\t\t<h4 style=\"text-align: center;\"><span lang=\"FR\">Nous apportons des solutions sur mesure aux investisseurs dans les secteur des ressources naturelles avec Kanaga Enterprise, aux acteurs du d\u00e9veloppement durable avec Kanaga D\u00e9veloppement et aux petites et moyennes entreprises avec Kanaga Business.<\/span><\/h4>\t\t\t\t\t\t<\/div>\n\t\t\t\t<\/div>\n\t\t\t\t\t<\/div>\n\t\t\t\t<\/div>\n\t\t<div class=\"elementor-element elementor-element-c31b1c4 e-flex e-con-boxed e-con e-parent\" data-id=\"c31b1c4\" data-element_type=\"container\" id=\"sites\" data-settings=\"{&quot;background_background&quot;:&quot;classic&quot;,&quot;content_width&quot;:&quot;boxed&quot;}\" data-core-v316-plus=\"true\">\n\t\t\t\t\t<div class=\"e-con-inner\">\n\t\t<div class=\"elementor-element elementor-element-560103e e-con-full e-flex e-con e-child\" data-id=\"560103e\" data-element_type=\"container\" data-settings=\"{&quot;content_width&quot;:&quot;full&quot;,&quot;background_background&quot;:&quot;classic&quot;}\">\n\t\t\t\t<div class=\"elementor-element elementor-element-afdfde5 eael-infobox-shape-radius hbox eael-infobox-content-align-center eael-infobox-hover-img-shape-square elementor-widget elementor-widget-eael-info-box\" data-id=\"afdfde5\" data-element_type=\"widget\" data-widget_type=\"eael-info-box.default\">\n\t\t\t\t<div class=\"elementor-widget-container\">\n\t\t\t        <div class=\"eael-infobox\">\n\t            <div class=\"infobox-icon\">\n\n                            <img decoding=\"async\" src=\"https:\/\/kanagaconsulting.com\/wp-content\/uploads\/2023\/12\/Kanaga-Entreprise.jpg\" alt=\"\">\n            \n            \n            \n        <\/div>\n            <div class=\"infobox-content\">\n                            <h2 class=\"title\">KANAGA ENTERPRISE<\/h2>\n                                                                        <p><p>In the dynamic landscape of natural resource exploitation, success requires a strategic approach.\nThanks to our unrivaled local experience, we offer you this approach through top-notch accounting services, irreproachable legal compliance and an accommodating tax strategy allowing you to focus on what matters most: your operations.<\/p><p>\u00a0<\/p><p>\u00a0<\/p><\/p>\n                                                <div class=\"infobox-button\">\n            <a class=\"eael-infobox-button\" href=\"https:\/\/entreprise.kanagaconsulting.com\/\" target=\"_blank\">\n                                <span class=\"infobox-button-text\">Learn More<\/span>\n                            <\/a>\n        <\/div>\n                                    <\/div>\n            <\/div>\n\n\t\t\t\t<\/div>\n\t\t\t\t<\/div>\n\t\t\t\t<\/div>\n\t\t<div class=\"elementor-element elementor-element-b7fcce7 e-con-full e-flex e-con e-child\" data-id=\"b7fcce7\" data-element_type=\"container\" data-settings=\"{&quot;content_width&quot;:&quot;full&quot;}\">\n\t\t\t\t<div class=\"elementor-element elementor-element-f7131ac eael-infobox-shape-radius hbox eael-infobox-content-align-center eael-infobox-hover-img-shape-square elementor-widget elementor-widget-eael-info-box\" data-id=\"f7131ac\" data-element_type=\"widget\" data-widget_type=\"eael-info-box.default\">\n\t\t\t\t<div class=\"elementor-widget-container\">\n\t\t\t        <div class=\"eael-infobox\">\n\t            <div class=\"infobox-icon\">\n\n                            <img decoding=\"async\" src=\"https:\/\/kanagaconsulting.com\/wp-content\/uploads\/2023\/12\/Kanaga-Developpement.jpg\" alt=\"\">\n            \n            \n            \n        <\/div>\n            <div class=\"infobox-content\">\n                            <h2 class=\"title\">KANAGA DEVELOPMENT<\/h2>\n                                                                        <p><p><span style=\"font-weight: 400;\">With many years of experience and numerous projects in various domains, Kanaga Development is committed to sustainable development.<\/span><\/p><p><span style=\"font-weight: 400;\">We collaborate with government institutions and development partners to tackle the major challenges facing Africa. We develop policies and strategies that result in tangible and consistent actions.<\/span><\/p><p>\u00a0<\/p><\/p>\n                                                <div class=\"infobox-button\">\n            <a class=\"eael-infobox-button\" href=\"http:\/\/development.kanagaconsulting.com\" target=\"_blank\">\n                                <span class=\"infobox-button-text\">Learn More<\/span>\n                            <\/a>\n        <\/div>\n                                    <\/div>\n            <\/div>\n\n\t\t\t\t<\/div>\n\t\t\t\t<\/div>\n\t\t\t\t<\/div>\n\t\t<div class=\"elementor-element elementor-element-786df51 e-con-full e-flex e-con e-child\" data-id=\"786df51\" data-element_type=\"container\" data-settings=\"{&quot;content_width&quot;:&quot;full&quot;}\">\n\t\t\t\t<div class=\"elementor-element elementor-element-8b9dfcb eael-infobox-shape-radius hbox eael-infobox-content-align-center eael-infobox-hover-img-shape-square elementor-widget elementor-widget-eael-info-box\" data-id=\"8b9dfcb\" data-element_type=\"widget\" data-widget_type=\"eael-info-box.default\">\n\t\t\t\t<div class=\"elementor-widget-container\">\n\t\t\t        <div class=\"eael-infobox\">\n\t            <div class=\"infobox-icon\">\n\n                            <img decoding=\"async\" src=\"https:\/\/kanagaconsulting.com\/wp-content\/uploads\/2023\/12\/Kanaga-Business.jpg\" alt=\"\">\n            \n            \n            \n        <\/div>\n            <div class=\"infobox-content\">\n                            <h2 class=\"title\">KANAGA BUSINESS<\/h2>\n                                                                        <p><p><span style=\"font-weight: 400;\">Dedicated to local businesses in C\u00f4te d\u2019Ivoire, DRC, Guinea, Mali, Senegal (and other Francophone African countries),\nKanaga Business\u2019 team of experts has in-depth knowledge of the local economic landscape.\nWe help you develop personalized and viable business plans. We provide comprehensive  assistance in business management, organization and financial management<\/span><\/p><p>\u00a0<\/p><\/p>\n                                                <div class=\"infobox-button\">\n            <a class=\"eael-infobox-button\" href=\"https:\/\/business.kanagaconsulting.com\/\" target=\"_blank\">\n                                <span class=\"infobox-button-text\">Learn More<\/span>\n                            <\/a>\n        <\/div>\n                                    <\/div>\n            <\/div>\n\n\t\t\t\t<\/div>\n\t\t\t\t<\/div>\n\t\t\t\t<\/div>\n\t\t\t\t\t<\/div>\n\t\t\t\t<\/div>\n\t\t<div class=\"elementor-element elementor-element-6a46308 e-flex e-con-boxed e-con e-parent\" data-id=\"6a46308\" data-element_type=\"container\" data-settings=\"{&quot;content_width&quot;:&quot;boxed&quot;}\" data-core-v316-plus=\"true\">\n\t\t\t\t\t<div class=\"e-con-inner\">\n\t\t\t\t<div class=\"elementor-element elementor-element-5e3824e elementor-widget elementor-widget-text-editor\" data-id=\"5e3824e\" data-element_type=\"widget\" data-widget_type=\"text-editor.default\">\n\t\t\t\t<div class=\"elementor-widget-container\">\n\t\t\t\t\t\t\t<h4 style=\"text-align: center;\"><span lang=\"FR\">At Kanaga Consulting, our commitment is not just to meet your expectations but to exceed them. Explore the possibilities, unlock your potential, and let's shape a future of success together.<\/span><\/h4>\t\t\t\t\t\t<\/div>\n\t\t\t\t<\/div>\n\t\t\t\t\t<\/div>\n\t\t\t\t<\/div>\n\t\t\t\t\t\t\t<\/div>","protected":false},"excerpt":{"rendered":"<p>MAXIMISEZ VOTRE IMPACT Accompagner les investisseurs dans les ressources naturelles, soutenir le secteur priv\u00e9 local,et favoriser le d\u00e9veloppement socio-\u00e9conomique Bienvenue chez Kanaga Consulting, o\u00f9 l&rsquo;expertise rencontre l&rsquo;innovation Nous apportons des solutions sur mesure aux investisseurs dans les secteur des ressources naturelles avec Kanaga Enterprise, aux acteurs du d\u00e9veloppement durable avec Kanaga D\u00e9veloppement et aux petites&hellip;&nbsp;<a href=\"https:\/\/kanagaconsulting.com\/en\/\" rel=\"bookmark\">Read More &raquo;<span class=\"screen-reader-text\">Bienvenue<\/span><\/a><\/p>","protected":false},"author":1,"featured_media":0,"parent":0,"menu_order":0,"comment_status":"closed","ping_status":"closed","template":"","meta":{"neve_meta_sidebar":"","neve_meta_container":"","neve_meta_enable_content_width":"","neve_meta_content_width":0,"neve_meta_title_alignment":"","neve_meta_author_avatar":"","neve_post_elements_order":"","neve_meta_disable_header":"","neve_meta_disable_footer":"","neve_meta_disable_title":"","footnotes":""},"class_list":["post-11","page","type-page","status-publish","hentry"],"_links":{"self":[{"href":"https:\/\/kanagaconsulting.com\/en\/wp-json\/wp\/v2\/pages\/11","targetHints":{"allow":["GET"]}}],"collection":[{"href":"https:\/\/kanagaconsulting.com\/en\/wp-json\/wp\/v2\/pages"}],"about":[{"href":"https:\/\/kanagaconsulting.com\/en\/wp-json\/wp\/v2\/types\/page"}],"author":[{"embeddable":true,"href":"https:\/\/kanagaconsulting.com\/en\/wp-json\/wp\/v2\/users\/1"}],"replies":[{"embeddable":true,"href":"https:\/\/kanagaconsulting.com\/en\/wp-json\/wp\/v2\/comments?post=11"}],"version-history":[{"count":603,"href":"https:\/\/kanagaconsulting.com\/en\/wp-json\/wp\/v2\/pages\/11\/revisions"}],"predecessor-version":[{"id":773,"href":"https:\/\/kanagaconsulting.com\/en\/wp-json\/wp\/v2\/pages\/11\/revisions\/773"}],"wp:attachment":[{"href":"https:\/\/kanagaconsulting.com\/en\/wp-json\/wp\/v2\/media?parent=11"}],"curies":[{"name":"wp","href":"https:\/\/api.w.org\/{rel}","templated":true}]}}